{"id":6,"date":"2023-05-18T12:20:24","date_gmt":"2023-05-18T16:20:24","guid":{"rendered":"http:\/\/localhost\/jovenes\/?page_id=6"},"modified":"2024-03-15T16:30:07","modified_gmt":"2024-03-15T20:30:07","slug":"quienes-somos","status":"publish","type":"page","link":"https:\/\/coalicionanticorrupcion.com\/jovenesanticorrupcion\/","title":{"rendered":"Qui\u00e9nes somos"},"content":{"rendered":"\t\t<div data-elementor-type=\"wp-page\" data-elementor-id=\"6\" class=\"elementor elementor-6\" data-elementor-settings=\"{&quot;ha_cmc_init_switcher&quot;:&quot;no&quot;}\">\n\t\t\t\t\t\t<section class=\"elementor-section elementor-top-section elementor-element elementor-element-5aab462 elementor-section-boxed elementor-section-height-default elementor-section-height-default\" data-id=\"5aab462\" data-element_type=\"section\" data-e-type=\"section\" data-settings=\"{&quot;_ha_eqh_enable&quot;:false}\">\n\t\t\t\t\t\t<div class=\"elementor-container elementor-column-gap-default\">\n\t\t\t\t\t<div class=\"elementor-column elementor-col-50 elementor-top-column elementor-element elementor-element-b825744\" data-id=\"b825744\" data-element_type=\"column\" data-e-type=\"column\">\n\t\t\t<div class=\"elementor-widget-wrap elementor-element-populated\">\n\t\t\t\t\t\t<div class=\"elementor-element elementor-element-c81f925 elementor-widget elementor-widget-image\" data-id=\"c81f925\" data-element_type=\"widget\" data-e-type=\"widget\" data-widget_type=\"image.default\">\n\t\t\t\t<div class=\"elementor-widget-container\">\n\t\t\t\t\t\t\t\t\t\t\t\t\t\t\t<img decoding=\"async\" width=\"268\" height=\"45\" src=\"https:\/\/coalicionanticorrupcion.com\/jovenesanticorrupcion\/wp-content\/uploads\/2023\/06\/quienes-somos-16.png\" class=\"attachment-large size-large wp-image-194\" alt=\"\" \/>\t\t\t\t\t\t\t\t\t\t\t\t\t\t\t<\/div>\n\t\t\t\t<\/div>\n\t\t\t\t<div class=\"elementor-element elementor-element-83df57a elementor-widget elementor-widget-image\" data-id=\"83df57a\" data-element_type=\"widget\" data-e-type=\"widget\" data-widget_type=\"image.default\">\n\t\t\t\t<div class=\"elementor-widget-container\">\n\t\t\t\t\t\t\t\t\t\t\t\t\t\t\t<img fetchpriority=\"high\" decoding=\"async\" width=\"544\" height=\"471\" src=\"https:\/\/coalicionanticorrupcion.com\/jovenesanticorrupcion\/wp-content\/uploads\/2023\/05\/SITE-Jovenes-AnticorrupcioQS-07.png\" class=\"attachment-large size-large wp-image-58\" alt=\"\" srcset=\"https:\/\/coalicionanticorrupcion.com\/jovenesanticorrupcion\/wp-content\/uploads\/2023\/05\/SITE-Jovenes-AnticorrupcioQS-07.png 544w, https:\/\/coalicionanticorrupcion.com\/jovenesanticorrupcion\/wp-content\/uploads\/2023\/05\/SITE-Jovenes-AnticorrupcioQS-07-300x260.png 300w\" sizes=\"(max-width: 544px) 100vw, 544px\" \/>\t\t\t\t\t\t\t\t\t\t\t\t\t\t\t<\/div>\n\t\t\t\t<\/div>\n\t\t\t\t\t<\/div>\n\t\t<\/div>\n\t\t\t\t<div class=\"elementor-column elementor-col-50 elementor-top-column elementor-element elementor-element-ad54325\" data-id=\"ad54325\" data-element_type=\"column\" data-e-type=\"column\">\n\t\t\t<div class=\"elementor-widget-wrap elementor-element-populated\">\n\t\t\t\t\t\t<div class=\"elementor-element elementor-element-7f30e50 elementor-widget elementor-widget-text-editor\" data-id=\"7f30e50\" data-element_type=\"widget\" data-e-type=\"widget\" data-widget_type=\"text-editor.default\">\n\t\t\t\t<div class=\"elementor-widget-container\">\n\t\t\t\t\t\t\t\t\t<p>Revertir el da\u00f1o causado por la corrupci\u00f3n en Venezuela no es tarea f\u00e1cil, pero s\u00ed es posible.<\/p><p>El pa\u00eds requiere m\u00e1s que nunca de la energ\u00eda, creatividad y capacidad de su poblaci\u00f3n m\u00e1s joven para salir del atolladero. <br \/>El proyecto J\u00f3venes Anticorrupci\u00f3n es una iniciativa estrat\u00e9gica, promovida por Transparencia Venezuela, con el apoyo de la Uni\u00f3n Europea, que apuesta al \u00edmpetu propio de las nuevas generaciones para hacer algo distinto que promueva el proceso de cambio en Venezuela.<\/p><p>El grupo J\u00f3venes Anticorrupci\u00f3n surgi\u00f3 en 2021, en medio de la pandemia de Covid-19, en respuesta a la necesidad de incorporar a los \u201cciudadanos del futuro\u201d a la lucha contra la corrupci\u00f3n, para avanzar en la transformaci\u00f3n institucional mediante la promoci\u00f3n e implementaci\u00f3n de pr\u00e1cticas transparentes y la rendici\u00f3n de cuentas en la gesti\u00f3n p\u00fablica.<\/p><p>En ese entonces, el movimiento reuni\u00f3 a 72 organizaciones entre grupos estudiantiles, activistas y agrupaciones art\u00edstico-culturales de distintas regiones del pa\u00eds, que plasmaron su compromiso y propuestas e inquietudes en el Manifiesto de los J\u00f3venes contra la corrupci\u00f3n.<\/p><p>Hoy, el proyecto plantea la construcci\u00f3n de una estructura mucho m\u00e1s amplia, diversa, con objetivos viables y posibilidades de mayor alcance, a la que se incorporen l\u00edderes que anhelen ser parte de la transformaci\u00f3n del pa\u00eds y aspiren a una Venezuela \u00edntegra, de todos y para todos.<\/p>\t\t\t\t\t\t\t\t<\/div>\n\t\t\t\t<\/div>\n\t\t\t\t\t<\/div>\n\t\t<\/div>\n\t\t\t\t\t<\/div>\n\t\t<\/section>\n\t\t\t\t<section class=\"elementor-section elementor-top-section elementor-element elementor-element-ce7cf50 elementor-section-boxed elementor-section-height-default elementor-section-height-default\" data-id=\"ce7cf50\" data-element_type=\"section\" data-e-type=\"section\" data-settings=\"{&quot;_ha_eqh_enable&quot;:false}\">\n\t\t\t\t\t\t<div class=\"elementor-container elementor-column-gap-default\">\n\t\t\t\t\t<div class=\"elementor-column elementor-col-100 elementor-top-column elementor-element elementor-element-eb541bc\" data-id=\"eb541bc\" data-element_type=\"column\" data-e-type=\"column\">\n\t\t\t<div class=\"elementor-widget-wrap elementor-element-populated\">\n\t\t\t\t\t\t<div class=\"elementor-element elementor-element-efe42d0 elementor-widget elementor-widget-upk-camux-slider\" data-id=\"efe42d0\" data-element_type=\"widget\" data-e-type=\"widget\" data-widget_type=\"upk-camux-slider.default\">\n\t\t\t\t<div class=\"elementor-widget-container\">\n\t\t\t\t\t\t\t<div class=\"upk-camux-slider-wrap\">\n\t\t\t\t\t<div id=\"upk-camux-slider-efe42d0\" class=\"upk-camux-slider\" data-settings=\"{&quot;autoplay&quot;:{&quot;delay&quot;:5000},&quot;loop&quot;:true,&quot;speed&quot;:500,&quot;effect&quot;:&quot;fade&quot;,&quot;fadeEffect&quot;:{&quot;crossFade&quot;:true},&quot;lazy&quot;:{&quot;loadPrevNext&quot;:&quot;true&quot;},&quot;parallax&quot;:true,&quot;slidesPerView&quot;:1,&quot;loopedSlides&quot;:4,&quot;navigation&quot;:{&quot;nextEl&quot;:&quot;#upk-camux-slider-efe42d0 .upk-navigation-next&quot;,&quot;prevEl&quot;:&quot;#upk-camux-slider-efe42d0 .upk-navigation-prev&quot;}}\">\n\t\t\t<div class=\"swiper-carousel swiper\">\n\t\t\t\t<div class=\"swiper-wrapper\">\n\t\t\t\t\t\t<div class=\"upk-item swiper-slide\">\n\t\t\t<div class=\"upk-img-wrap\">\n\t\t\t\t<img decoding=\"async\" width=\"2560\" height=\"1561\" src=\"https:\/\/coalicionanticorrupcion.com\/jovenesanticorrupcion\/wp-content\/uploads\/2024\/02\/ganadores_etica_en_accion-scaled.jpg\" class=\"upk-img\" alt=\"J\u00f3venes reciben premios al innovar contra la corrupci\u00f3n\" srcset=\"https:\/\/coalicionanticorrupcion.com\/jovenesanticorrupcion\/wp-content\/uploads\/2024\/02\/ganadores_etica_en_accion-scaled.jpg 2560w, https:\/\/coalicionanticorrupcion.com\/jovenesanticorrupcion\/wp-content\/uploads\/2024\/02\/ganadores_etica_en_accion-300x183.jpg 300w, https:\/\/coalicionanticorrupcion.com\/jovenesanticorrupcion\/wp-content\/uploads\/2024\/02\/ganadores_etica_en_accion-1024x624.jpg 1024w, https:\/\/coalicionanticorrupcion.com\/jovenesanticorrupcion\/wp-content\/uploads\/2024\/02\/ganadores_etica_en_accion-768x468.jpg 768w, https:\/\/coalicionanticorrupcion.com\/jovenesanticorrupcion\/wp-content\/uploads\/2024\/02\/ganadores_etica_en_accion-1536x937.jpg 1536w, https:\/\/coalicionanticorrupcion.com\/jovenesanticorrupcion\/wp-content\/uploads\/2024\/02\/ganadores_etica_en_accion-2048x1249.jpg 2048w\" sizes=\"(max-width: 2560px) 100vw, 2560px\" \/>\t\t\t<\/div>\n\n\t\t\t<div class=\"upk-content\">\n\n\t\t\t\t\n\t\t\t\t\t\t\t\t\t<div data-swiper-parallax-y=\"-100\" data-swiper-parallax-duration=\"800\">\n\t\t\t\t\t\t<h3 class=\"upk-title\"><a href=\"https:\/\/coalicionanticorrupcion.com\/jovenesanticorrupcion\/jovenes-reciben-premios-al-innovar-contra-la-corrupcion\/\" title=\"J\u00f3venes reciben premios al innovar contra la corrupci\u00f3n\" class=\"title-animation-\" aria-label=\"J\u00f3venes reciben premios al innovar contra la corrupci\u00f3n\">J\u00f3venes reciben premios al innovar contra la corrupci\u00f3n<\/a><\/h3>\t\t\t\t\t<\/div>\n\t\t\t\t\n\t\t\t\t\n\t\t\t\t\t\t\t\t\t<div class=\"upk-meta\" data-swiper-parallax-y=\"-50\" data-swiper-parallax-duration=\"1000\">\n\t\t\t\t\t\t\t\t\t\t\t\t\t\t\t\t\t\t<div data-separator=\"\/\/\">\n\t\t\t\t\t\t\t\t\t<div class=\"upk-date\">\n\t\t\t28 de febrero de 2024\t\t<\/div>\n\n\t\t\t\t\t\t\t\t\t<\/div>\n\t\t\t\t\t\t\t\t\t\t\t\t\t\t\t\t\t<\/div>\n\t\t\t\t\n\t\t\t<\/div>\n\t\t<\/div>\n\t\t\t<div class=\"upk-item swiper-slide\">\n\t\t\t<div class=\"upk-img-wrap\">\n\t\t\t\t<img loading=\"lazy\" decoding=\"async\" width=\"351\" height=\"144\" src=\"https:\/\/coalicionanticorrupcion.com\/jovenesanticorrupcion\/wp-content\/uploads\/2023\/12\/VIH-Jovenes-Anticorrupcion-3.jpg\" class=\"upk-img\" alt=\"J\u00f3venes exigen informaci\u00f3n sobre programas de atenci\u00f3n del VIH-Sida\" srcset=\"https:\/\/coalicionanticorrupcion.com\/jovenesanticorrupcion\/wp-content\/uploads\/2023\/12\/VIH-Jovenes-Anticorrupcion-3.jpg 351w, https:\/\/coalicionanticorrupcion.com\/jovenesanticorrupcion\/wp-content\/uploads\/2023\/12\/VIH-Jovenes-Anticorrupcion-3-300x123.jpg 300w\" sizes=\"(max-width: 351px) 100vw, 351px\" \/>\t\t\t<\/div>\n\n\t\t\t<div class=\"upk-content\">\n\n\t\t\t\t\n\t\t\t\t\t\t\t\t\t<div data-swiper-parallax-y=\"-100\" data-swiper-parallax-duration=\"800\">\n\t\t\t\t\t\t<h3 class=\"upk-title\"><a href=\"https:\/\/coalicionanticorrupcion.com\/jovenesanticorrupcion\/jovenes-exigen-informacion-sobre-programas-de-atencion-vih-sida\/\" title=\"J\u00f3venes exigen informaci\u00f3n sobre programas de atenci\u00f3n del VIH-Sida\" class=\"title-animation-\" aria-label=\"J\u00f3venes exigen informaci\u00f3n sobre programas de atenci\u00f3n del VIH-Sida\">J\u00f3venes exigen informaci\u00f3n sobre programas de atenci\u00f3n del VIH-Sida<\/a><\/h3>\t\t\t\t\t<\/div>\n\t\t\t\t\n\t\t\t\t\n\t\t\t\t\t\t\t\t\t<div class=\"upk-meta\" data-swiper-parallax-y=\"-50\" data-swiper-parallax-duration=\"1000\">\n\t\t\t\t\t\t\t\t\t\t\t\t\t\t\t\t\t\t<div data-separator=\"\/\/\">\n\t\t\t\t\t\t\t\t\t<div class=\"upk-date\">\n\t\t\t18 de diciembre de 2023\t\t<\/div>\n\n\t\t\t\t\t\t\t\t\t<\/div>\n\t\t\t\t\t\t\t\t\t\t\t\t\t\t\t\t\t<\/div>\n\t\t\t\t\n\t\t\t<\/div>\n\t\t<\/div>\n\t\t\t<div class=\"upk-item swiper-slide\">\n\t\t\t<div class=\"upk-img-wrap\">\n\t\t\t\t<img loading=\"lazy\" decoding=\"async\" width=\"456\" height=\"478\" src=\"https:\/\/coalicionanticorrupcion.com\/jovenesanticorrupcion\/wp-content\/uploads\/2023\/12\/1-Portada-Calendario-Artistico-Jovenes-Anticorrupcion-2024_-1.jpg\" class=\"upk-img\" alt=\"J\u00f3venes Anticorrupci\u00f3n estrena su primer calendario art\u00edstico\" srcset=\"https:\/\/coalicionanticorrupcion.com\/jovenesanticorrupcion\/wp-content\/uploads\/2023\/12\/1-Portada-Calendario-Artistico-Jovenes-Anticorrupcion-2024_-1.jpg 456w, https:\/\/coalicionanticorrupcion.com\/jovenesanticorrupcion\/wp-content\/uploads\/2023\/12\/1-Portada-Calendario-Artistico-Jovenes-Anticorrupcion-2024_-1-286x300.jpg 286w\" sizes=\"(max-width: 456px) 100vw, 456px\" \/>\t\t\t<\/div>\n\n\t\t\t<div class=\"upk-content\">\n\n\t\t\t\t\n\t\t\t\t\t\t\t\t\t<div data-swiper-parallax-y=\"-100\" data-swiper-parallax-duration=\"800\">\n\t\t\t\t\t\t<h3 class=\"upk-title\"><a href=\"https:\/\/coalicionanticorrupcion.com\/jovenesanticorrupcion\/jovenes-anticorrupcion-estrena-calendario-artistico\/\" title=\"J\u00f3venes Anticorrupci\u00f3n estrena su primer calendario art\u00edstico\" class=\"title-animation-\" aria-label=\"J\u00f3venes Anticorrupci\u00f3n estrena su primer calendario art\u00edstico\">J\u00f3venes Anticorrupci\u00f3n estrena su primer calendario art\u00edstico<\/a><\/h3>\t\t\t\t\t<\/div>\n\t\t\t\t\n\t\t\t\t\n\t\t\t\t\t\t\t\t\t<div class=\"upk-meta\" data-swiper-parallax-y=\"-50\" data-swiper-parallax-duration=\"1000\">\n\t\t\t\t\t\t\t\t\t\t\t\t\t\t\t\t\t\t<div data-separator=\"\/\/\">\n\t\t\t\t\t\t\t\t\t<div class=\"upk-date\">\n\t\t\t15 de diciembre de 2023\t\t<\/div>\n\n\t\t\t\t\t\t\t\t\t<\/div>\n\t\t\t\t\t\t\t\t\t\t\t\t\t\t\t\t\t<\/div>\n\t\t\t\t\n\t\t\t<\/div>\n\t\t<\/div>\n\t\t\t<div class=\"upk-item swiper-slide\">\n\t\t\t<div class=\"upk-img-wrap\">\n\t\t\t\t<img loading=\"lazy\" decoding=\"async\" width=\"2560\" height=\"1430\" src=\"https:\/\/coalicionanticorrupcion.com\/jovenesanticorrupcion\/wp-content\/uploads\/2023\/12\/Zulia-1er-encuentro-juvenil-destacada-scaled.jpg\" class=\"upk-img\" alt=\"J\u00f3venes zulianos debatieron sobre la integridad en el activismo y la gesti\u00f3n p\u00fablica\" srcset=\"https:\/\/coalicionanticorrupcion.com\/jovenesanticorrupcion\/wp-content\/uploads\/2023\/12\/Zulia-1er-encuentro-juvenil-destacada-scaled.jpg 2560w, https:\/\/coalicionanticorrupcion.com\/jovenesanticorrupcion\/wp-content\/uploads\/2023\/12\/Zulia-1er-encuentro-juvenil-destacada-300x168.jpg 300w, https:\/\/coalicionanticorrupcion.com\/jovenesanticorrupcion\/wp-content\/uploads\/2023\/12\/Zulia-1er-encuentro-juvenil-destacada-1024x572.jpg 1024w, https:\/\/coalicionanticorrupcion.com\/jovenesanticorrupcion\/wp-content\/uploads\/2023\/12\/Zulia-1er-encuentro-juvenil-destacada-768x429.jpg 768w, https:\/\/coalicionanticorrupcion.com\/jovenesanticorrupcion\/wp-content\/uploads\/2023\/12\/Zulia-1er-encuentro-juvenil-destacada-1536x858.jpg 1536w, https:\/\/coalicionanticorrupcion.com\/jovenesanticorrupcion\/wp-content\/uploads\/2023\/12\/Zulia-1er-encuentro-juvenil-destacada-2048x1144.jpg 2048w\" sizes=\"(max-width: 2560px) 100vw, 2560px\" \/>\t\t\t<\/div>\n\n\t\t\t<div class=\"upk-content\">\n\n\t\t\t\t\n\t\t\t\t\t\t\t\t\t<div data-swiper-parallax-y=\"-100\" data-swiper-parallax-duration=\"800\">\n\t\t\t\t\t\t<h3 class=\"upk-title\"><a href=\"https:\/\/coalicionanticorrupcion.com\/jovenesanticorrupcion\/jovnes-zulianos-debatieron-sobre-integridad-activismo-gestion-publica\/\" title=\"J\u00f3venes zulianos debatieron sobre la integridad en el activismo y la gesti\u00f3n p\u00fablica\" class=\"title-animation-\" aria-label=\"J\u00f3venes zulianos debatieron sobre la integridad en el activismo y la gesti\u00f3n p\u00fablica\">J\u00f3venes zulianos debatieron sobre la integridad en el activismo y la gesti\u00f3n p\u00fablica<\/a><\/h3>\t\t\t\t\t<\/div>\n\t\t\t\t\n\t\t\t\t\n\t\t\t\t\t\t\t\t\t<div class=\"upk-meta\" data-swiper-parallax-y=\"-50\" data-swiper-parallax-duration=\"1000\">\n\t\t\t\t\t\t\t\t\t\t\t\t\t\t\t\t\t\t<div data-separator=\"\/\/\">\n\t\t\t\t\t\t\t\t\t<div class=\"upk-date\">\n\t\t\t10 de diciembre de 2023\t\t<\/div>\n\n\t\t\t\t\t\t\t\t\t<\/div>\n\t\t\t\t\t\t\t\t\t\t\t\t\t\t\t\t\t<\/div>\n\t\t\t\t\n\t\t\t<\/div>\n\t\t<\/div>\n\t\t\t<div class=\"upk-item swiper-slide\">\n\t\t\t<div class=\"upk-img-wrap\">\n\t\t\t\t<img loading=\"lazy\" decoding=\"async\" width=\"1200\" height=\"553\" src=\"https:\/\/coalicionanticorrupcion.com\/jovenesanticorrupcion\/wp-content\/uploads\/2023\/12\/galeria-3.jpg\" class=\"upk-img\" alt=\"Carabobo | J\u00f3venes conmemoraron el D\u00eda contra la Corrupci\u00f3n con un pancartazo\" srcset=\"https:\/\/coalicionanticorrupcion.com\/jovenesanticorrupcion\/wp-content\/uploads\/2023\/12\/galeria-3.jpg 1200w, https:\/\/coalicionanticorrupcion.com\/jovenesanticorrupcion\/wp-content\/uploads\/2023\/12\/galeria-3-300x138.jpg 300w, https:\/\/coalicionanticorrupcion.com\/jovenesanticorrupcion\/wp-content\/uploads\/2023\/12\/galeria-3-1024x472.jpg 1024w, https:\/\/coalicionanticorrupcion.com\/jovenesanticorrupcion\/wp-content\/uploads\/2023\/12\/galeria-3-768x354.jpg 768w\" sizes=\"(max-width: 1200px) 100vw, 1200px\" \/>\t\t\t<\/div>\n\n\t\t\t<div class=\"upk-content\">\n\n\t\t\t\t\n\t\t\t\t\t\t\t\t\t<div data-swiper-parallax-y=\"-100\" data-swiper-parallax-duration=\"800\">\n\t\t\t\t\t\t<h3 class=\"upk-title\"><a href=\"https:\/\/coalicionanticorrupcion.com\/jovenesanticorrupcion\/carabobobo-dia-contra-lacorrupcion-jovenes-hicieron-pancartazo\/\" title=\"Carabobo | J\u00f3venes conmemoraron el D\u00eda contra la Corrupci\u00f3n con un pancartazo\" class=\"title-animation-\" aria-label=\"Carabobo | J\u00f3venes conmemoraron el D\u00eda contra la Corrupci\u00f3n con un pancartazo\">Carabobo | J\u00f3venes conmemoraron el D\u00eda contra la Corrupci\u00f3n con un pancartazo<\/a><\/h3>\t\t\t\t\t<\/div>\n\t\t\t\t\n\t\t\t\t\n\t\t\t\t\t\t\t\t\t<div class=\"upk-meta\" data-swiper-parallax-y=\"-50\" data-swiper-parallax-duration=\"1000\">\n\t\t\t\t\t\t\t\t\t\t\t\t\t\t\t\t\t\t<div data-separator=\"\/\/\">\n\t\t\t\t\t\t\t\t\t<div class=\"upk-date\">\n\t\t\t10 de diciembre de 2023\t\t<\/div>\n\n\t\t\t\t\t\t\t\t\t<\/div>\n\t\t\t\t\t\t\t\t\t\t\t\t\t\t\t\t\t<\/div>\n\t\t\t\t\n\t\t\t<\/div>\n\t\t<\/div>\n\t\n\t\t\t\t<\/div>\n\t\t\t\t\t\t\t<\/div>\n\t\t<\/div>\n\n\t\t\t\t<div thumbsSlider=\"\" class=\"upk-camux-thumbs swiper\">\n\t\t\t\t<div class=\"swiper-wrapper\">\n\t\t\t\t\t\t\t<div class=\"upk-item swiper-slide\">\n\t\t\t<div class=\"upk-img-wrap\">\n\t\t\t\t<img decoding=\"async\" width=\"2560\" height=\"1561\" src=\"https:\/\/coalicionanticorrupcion.com\/jovenesanticorrupcion\/wp-content\/uploads\/2024\/02\/ganadores_etica_en_accion-scaled.jpg\" class=\"upk-img\" alt=\"J\u00f3venes reciben premios al innovar contra la corrupci\u00f3n\" srcset=\"https:\/\/coalicionanticorrupcion.com\/jovenesanticorrupcion\/wp-content\/uploads\/2024\/02\/ganadores_etica_en_accion-scaled.jpg 2560w, https:\/\/coalicionanticorrupcion.com\/jovenesanticorrupcion\/wp-content\/uploads\/2024\/02\/ganadores_etica_en_accion-300x183.jpg 300w, https:\/\/coalicionanticorrupcion.com\/jovenesanticorrupcion\/wp-content\/uploads\/2024\/02\/ganadores_etica_en_accion-1024x624.jpg 1024w, https:\/\/coalicionanticorrupcion.com\/jovenesanticorrupcion\/wp-content\/uploads\/2024\/02\/ganadores_etica_en_accion-768x468.jpg 768w, https:\/\/coalicionanticorrupcion.com\/jovenesanticorrupcion\/wp-content\/uploads\/2024\/02\/ganadores_etica_en_accion-1536x937.jpg 1536w, https:\/\/coalicionanticorrupcion.com\/jovenesanticorrupcion\/wp-content\/uploads\/2024\/02\/ganadores_etica_en_accion-2048x1249.jpg 2048w\" sizes=\"(max-width: 2560px) 100vw, 2560px\" \/>\t\t\t<\/div>\n\t\t\t\t\t<\/div>\n\t\t\t<div class=\"upk-item swiper-slide\">\n\t\t\t<div class=\"upk-img-wrap\">\n\t\t\t\t<img loading=\"lazy\" decoding=\"async\" width=\"351\" height=\"144\" src=\"https:\/\/coalicionanticorrupcion.com\/jovenesanticorrupcion\/wp-content\/uploads\/2023\/12\/VIH-Jovenes-Anticorrupcion-3.jpg\" class=\"upk-img\" alt=\"J\u00f3venes exigen informaci\u00f3n sobre programas de atenci\u00f3n del VIH-Sida\" srcset=\"https:\/\/coalicionanticorrupcion.com\/jovenesanticorrupcion\/wp-content\/uploads\/2023\/12\/VIH-Jovenes-Anticorrupcion-3.jpg 351w, https:\/\/coalicionanticorrupcion.com\/jovenesanticorrupcion\/wp-content\/uploads\/2023\/12\/VIH-Jovenes-Anticorrupcion-3-300x123.jpg 300w\" sizes=\"(max-width: 351px) 100vw, 351px\" \/>\t\t\t<\/div>\n\t\t\t\t\t<\/div>\n\t\t\t<div class=\"upk-item swiper-slide\">\n\t\t\t<div class=\"upk-img-wrap\">\n\t\t\t\t<img loading=\"lazy\" decoding=\"async\" width=\"456\" height=\"478\" src=\"https:\/\/coalicionanticorrupcion.com\/jovenesanticorrupcion\/wp-content\/uploads\/2023\/12\/1-Portada-Calendario-Artistico-Jovenes-Anticorrupcion-2024_-1.jpg\" class=\"upk-img\" alt=\"J\u00f3venes Anticorrupci\u00f3n estrena su primer calendario art\u00edstico\" srcset=\"https:\/\/coalicionanticorrupcion.com\/jovenesanticorrupcion\/wp-content\/uploads\/2023\/12\/1-Portada-Calendario-Artistico-Jovenes-Anticorrupcion-2024_-1.jpg 456w, https:\/\/coalicionanticorrupcion.com\/jovenesanticorrupcion\/wp-content\/uploads\/2023\/12\/1-Portada-Calendario-Artistico-Jovenes-Anticorrupcion-2024_-1-286x300.jpg 286w\" sizes=\"(max-width: 456px) 100vw, 456px\" \/>\t\t\t<\/div>\n\t\t\t\t\t<\/div>\n\t\t\t<div class=\"upk-item swiper-slide\">\n\t\t\t<div class=\"upk-img-wrap\">\n\t\t\t\t<img loading=\"lazy\" decoding=\"async\" width=\"2560\" height=\"1430\" src=\"https:\/\/coalicionanticorrupcion.com\/jovenesanticorrupcion\/wp-content\/uploads\/2023\/12\/Zulia-1er-encuentro-juvenil-destacada-scaled.jpg\" class=\"upk-img\" alt=\"J\u00f3venes zulianos debatieron sobre la integridad en el activismo y la gesti\u00f3n p\u00fablica\" srcset=\"https:\/\/coalicionanticorrupcion.com\/jovenesanticorrupcion\/wp-content\/uploads\/2023\/12\/Zulia-1er-encuentro-juvenil-destacada-scaled.jpg 2560w, https:\/\/coalicionanticorrupcion.com\/jovenesanticorrupcion\/wp-content\/uploads\/2023\/12\/Zulia-1er-encuentro-juvenil-destacada-300x168.jpg 300w, https:\/\/coalicionanticorrupcion.com\/jovenesanticorrupcion\/wp-content\/uploads\/2023\/12\/Zulia-1er-encuentro-juvenil-destacada-1024x572.jpg 1024w, https:\/\/coalicionanticorrupcion.com\/jovenesanticorrupcion\/wp-content\/uploads\/2023\/12\/Zulia-1er-encuentro-juvenil-destacada-768x429.jpg 768w, https:\/\/coalicionanticorrupcion.com\/jovenesanticorrupcion\/wp-content\/uploads\/2023\/12\/Zulia-1er-encuentro-juvenil-destacada-1536x858.jpg 1536w, https:\/\/coalicionanticorrupcion.com\/jovenesanticorrupcion\/wp-content\/uploads\/2023\/12\/Zulia-1er-encuentro-juvenil-destacada-2048x1144.jpg 2048w\" sizes=\"(max-width: 2560px) 100vw, 2560px\" \/>\t\t\t<\/div>\n\t\t\t\t\t<\/div>\n\t\t\t<div class=\"upk-item swiper-slide\">\n\t\t\t<div class=\"upk-img-wrap\">\n\t\t\t\t<img loading=\"lazy\" decoding=\"async\" width=\"1200\" height=\"553\" src=\"https:\/\/coalicionanticorrupcion.com\/jovenesanticorrupcion\/wp-content\/uploads\/2023\/12\/galeria-3.jpg\" class=\"upk-img\" alt=\"Carabobo | J\u00f3venes conmemoraron el D\u00eda contra la Corrupci\u00f3n con un pancartazo\" srcset=\"https:\/\/coalicionanticorrupcion.com\/jovenesanticorrupcion\/wp-content\/uploads\/2023\/12\/galeria-3.jpg 1200w, https:\/\/coalicionanticorrupcion.com\/jovenesanticorrupcion\/wp-content\/uploads\/2023\/12\/galeria-3-300x138.jpg 300w, https:\/\/coalicionanticorrupcion.com\/jovenesanticorrupcion\/wp-content\/uploads\/2023\/12\/galeria-3-1024x472.jpg 1024w, https:\/\/coalicionanticorrupcion.com\/jovenesanticorrupcion\/wp-content\/uploads\/2023\/12\/galeria-3-768x354.jpg 768w\" sizes=\"(max-width: 1200px) 100vw, 1200px\" \/>\t\t\t<\/div>\n\t\t\t\t\t<\/div>\n\t\t\t\t\t<\/div>\n\t\t\t<\/div>\n\t\t<\/div>\n\n\t\t\t\t<\/div>\n\t\t\t\t<\/div>\n\t\t\t\t\t<\/div>\n\t\t<\/div>\n\t\t\t\t\t<\/div>\n\t\t<\/section>\n\t\t\t\t<\/div>\n\t\t","protected":false},"excerpt":{"rendered":"<p>Revertir el da\u00f1o causado por la corrupci\u00f3n en Venezuela no es tarea f\u00e1cil, pero s\u00ed es posible. El pa\u00eds requiere m\u00e1s que nunca de la energ\u00eda, creatividad y capacidad de [&hellip;]<\/p>\n","protected":false},"author":1,"featured_media":0,"parent":0,"menu_order":0,"comment_status":"closed","ping_status":"closed","template":"elementor_header_footer","meta":{"om_disable_all_campaigns":false,"_monsterinsights_skip_tracking":false,"_monsterinsights_sitenote_active":false,"_monsterinsights_sitenote_note":"","_monsterinsights_sitenote_category":0,"_uf_show_specific_survey":0,"_uf_disable_surveys":false,"footnotes":""},"class_list":["post-6","page","type-page","status-publish","hentry"],"aioseo_notices":[],"_links":{"self":[{"href":"https:\/\/coalicionanticorrupcion.com\/jovenesanticorrupcion\/wp-json\/wp\/v2\/pages\/6","targetHints":{"allow":["GET"]}}],"collection":[{"href":"https:\/\/coalicionanticorrupcion.com\/jovenesanticorrupcion\/wp-json\/wp\/v2\/pages"}],"about":[{"href":"https:\/\/coalicionanticorrupcion.com\/jovenesanticorrupcion\/wp-json\/wp\/v2\/types\/page"}],"author":[{"embeddable":true,"href":"https:\/\/coalicionanticorrupcion.com\/jovenesanticorrupcion\/wp-json\/wp\/v2\/users\/1"}],"replies":[{"embeddable":true,"href":"https:\/\/coalicionanticorrupcion.com\/jovenesanticorrupcion\/wp-json\/wp\/v2\/comments?post=6"}],"version-history":[{"count":73,"href":"https:\/\/coalicionanticorrupcion.com\/jovenesanticorrupcion\/wp-json\/wp\/v2\/pages\/6\/revisions"}],"predecessor-version":[{"id":2267,"href":"https:\/\/coalicionanticorrupcion.com\/jovenesanticorrupcion\/wp-json\/wp\/v2\/pages\/6\/revisions\/2267"}],"wp:attachment":[{"href":"https:\/\/coalicionanticorrupcion.com\/jovenesanticorrupcion\/wp-json\/wp\/v2\/media?parent=6"}],"curies":[{"name":"wp","href":"https:\/\/api.w.org\/{rel}","templated":true}]}}