{"id":14,"date":"2023-05-18T12:21:04","date_gmt":"2023-05-18T16:21:04","guid":{"rendered":"http:\/\/localhost\/jovenes\/?page_id=14"},"modified":"2023-06-21T20:03:02","modified_gmt":"2023-06-22T00:03:02","slug":"integrate","status":"publish","type":"page","link":"https:\/\/coalicionanticorrupcion.com\/jovenesanticorrupcion\/integrate\/","title":{"rendered":"Integrate"},"content":{"rendered":"\t\t<div data-elementor-type=\"wp-page\" data-elementor-id=\"14\" class=\"elementor elementor-14\" data-elementor-settings=\"{&quot;ha_cmc_init_switcher&quot;:&quot;no&quot;}\">\n\t\t\t\t\t\t<section class=\"elementor-section elementor-top-section elementor-element elementor-element-2c89148 elementor-section-boxed elementor-section-height-default elementor-section-height-default\" data-id=\"2c89148\" data-element_type=\"section\" data-e-type=\"section\" data-settings=\"{&quot;_ha_eqh_enable&quot;:false}\">\n\t\t\t\t\t\t<div class=\"elementor-container elementor-column-gap-default\">\n\t\t\t\t\t<div class=\"elementor-column elementor-col-100 elementor-top-column elementor-element elementor-element-617ce24\" data-id=\"617ce24\" data-element_type=\"column\" data-e-type=\"column\">\n\t\t\t<div class=\"elementor-widget-wrap elementor-element-populated\">\n\t\t\t\t\t\t<div class=\"elementor-element elementor-element-ee8f297 premium-cf7-button-fwidth-yes elementor-widget elementor-widget-premium-contact-form\" data-id=\"ee8f297\" data-element_type=\"widget\" data-e-type=\"widget\" data-widget_type=\"premium-contact-form.default\">\n\t\t\t\t<div class=\"elementor-widget-container\">\n\t\t\t\t\t\n\t\t\t\n\t\t\t<div class=\"premium-cf7-container\" data-settings=\"{&quot;fields_glass&quot;:&quot;none&quot;,&quot;submit_glass&quot;:&quot;none&quot;}\">\n\t\t\t\t\n<div class=\"wpcf7 no-js\" id=\"wpcf7-f508-o1\" lang=\"es-VE\" dir=\"ltr\" data-wpcf7-id=\"508\">\n<div class=\"screen-reader-response\"><p role=\"status\" aria-live=\"polite\" aria-atomic=\"true\"><\/p> <ul><\/ul><\/div>\n<form action=\"\/jovenesanticorrupcion\/wp-json\/wp\/v2\/pages\/14#wpcf7-f508-o1\" method=\"post\" class=\"wpcf7-form init\" aria-label=\"Formulario de contacto\" novalidate=\"novalidate\" data-status=\"init\">\n<fieldset class=\"hidden-fields-container\"><input type=\"hidden\" name=\"_wpcf7\" value=\"508\" \/><input type=\"hidden\" name=\"_wpcf7_version\" value=\"6.1.5\" \/><input type=\"hidden\" name=\"_wpcf7_locale\" value=\"es_VE\" \/><input type=\"hidden\" name=\"_wpcf7_unit_tag\" value=\"wpcf7-f508-o1\" \/><input type=\"hidden\" name=\"_wpcf7_container_post\" value=\"0\" \/><input type=\"hidden\" name=\"_wpcf7_posted_data_hash\" value=\"\" \/>\n<\/fieldset>\n<p><label> Nombre<br \/>\n<span class=\"wpcf7-form-control-wrap\" data-name=\"tu-nombre\"><input size=\"40\" maxlength=\"400\" class=\"wpcf7-form-control wpcf7-text wpcf7-validates-as-required\" aria-required=\"true\" aria-invalid=\"false\" value=\"\" type=\"text\" name=\"tu-nombre\" \/><\/span> <\/label>\n<\/p>\n<p><label> Apellido<br \/>\n<span class=\"wpcf7-form-control-wrap\" data-name=\"tu-apellido\"><input size=\"40\" maxlength=\"400\" class=\"wpcf7-form-control wpcf7-text wpcf7-validates-as-required\" aria-required=\"true\" aria-invalid=\"false\" value=\"\" type=\"text\" name=\"tu-apellido\" \/><\/span> <\/label>\n<\/p>\n<p><label>Genero<\/label><br \/>\n<span class=\"wpcf7-form-control-wrap\" data-name=\"Genero\"><span class=\"wpcf7-form-control wpcf7-radio class-genero\" id=\"genero\"><span class=\"wpcf7-list-item first\"><label><input type=\"radio\" name=\"Genero\" value=\"Hombre\" checked=\"checked\" \/><span class=\"wpcf7-list-item-label\">Hombre<\/span><\/label><\/span><span class=\"wpcf7-list-item last\"><label><input type=\"radio\" name=\"Genero\" value=\"Mujer\" \/><span class=\"wpcf7-list-item-label\">Mujer<\/span><\/label><\/span><\/span><\/span>\n<\/p>\n<p><label>Edad<br \/>\n<span class=\"wpcf7-form-control-wrap\" data-name=\"tu-edad\"><input class=\"wpcf7-form-control wpcf7-number wpcf7-validates-as-required wpcf7-validates-as-number\" id=\"edad\" min=\"14\" max=\"100\" aria-required=\"true\" aria-invalid=\"false\" value=\"\" type=\"number\" name=\"tu-edad\" \/><\/span><\/label>\n<\/p>\n<p><label> Tu correo electr\u00f3nico<br \/>\n<span class=\"wpcf7-form-control-wrap\" data-name=\"tu-email\"><input size=\"40\" maxlength=\"400\" class=\"wpcf7-form-control wpcf7-email wpcf7-validates-as-required wpcf7-text wpcf7-validates-as-email\" autocomplete=\"email\" aria-required=\"true\" aria-invalid=\"false\" value=\"\" type=\"email\" name=\"tu-email\" \/><\/span> <\/label>\n<\/p>\n<p><label>Profesi\u00f3n<br \/>\n<span class=\"wpcf7-form-control-wrap\" data-name=\"tu-profesion\"><input size=\"40\" maxlength=\"400\" class=\"wpcf7-form-control wpcf7-text wpcf7-validates-as-required\" aria-required=\"true\" aria-invalid=\"false\" value=\"\" type=\"text\" name=\"tu-profesion\" \/><\/span><\/label>\n<\/p>\n<p><label>Actividad que desempe\u00f1as<br \/>\n<span class=\"wpcf7-form-control-wrap\" data-name=\"tu-actividad\"><input size=\"40\" maxlength=\"400\" class=\"wpcf7-form-control wpcf7-text wpcf7-validates-as-required\" aria-required=\"true\" aria-invalid=\"false\" value=\"\" type=\"text\" name=\"tu-actividad\" \/><\/span><\/label>\n<\/p>\n<p><label>Organizaci\u00f3n a la que perteneces<br \/>\n<span class=\"wpcf7-form-control-wrap\" data-name=\"tu-organizacion\"><input size=\"40\" maxlength=\"400\" class=\"wpcf7-form-control wpcf7-text wpcf7-validates-as-required\" aria-required=\"true\" aria-invalid=\"false\" value=\"\" type=\"text\" name=\"tu-organizacion\" \/><\/span><\/label>\n<\/p>\n<p><input class=\"wpcf7-form-control wpcf7-submit has-spinner\" type=\"submit\" value=\"Enviar\" \/>\n<\/p><div class=\"wpcf7-response-output\" aria-hidden=\"true\"><\/div>\n<\/form>\n<\/div>\n\t\t\t<\/div>\n\n\t\t\t\t\t\t\t<\/div>\n\t\t\t\t<\/div>\n\t\t\t\t\t<\/div>\n\t\t<\/div>\n\t\t\t\t\t<\/div>\n\t\t<\/section>\n\t\t\t\t<\/div>\n\t\t","protected":false},"excerpt":{"rendered":"<p>Nombre Apellido Genero HombreMujer Edad Tu correo electr\u00f3nico Profesi\u00f3n Actividad que desempe\u00f1a Organizaci\u00f3n a la que pertenece<\/p>\n","protected":false},"author":1,"featured_media":0,"parent":0,"menu_order":0,"comment_status":"closed","ping_status":"closed","template":"elementor_header_footer","meta":{"om_disable_all_campaigns":false,"_monsterinsights_skip_tracking":false,"_monsterinsights_sitenote_active":false,"_monsterinsights_sitenote_note":"","_monsterinsights_sitenote_category":0,"_uf_show_specific_survey":0,"_uf_disable_surveys":false,"footnotes":""},"class_list":["post-14","page","type-page","status-publish","hentry"],"aioseo_notices":[],"_links":{"self":[{"href":"https:\/\/coalicionanticorrupcion.com\/jovenesanticorrupcion\/wp-json\/wp\/v2\/pages\/14","targetHints":{"allow":["GET"]}}],"collection":[{"href":"https:\/\/coalicionanticorrupcion.com\/jovenesanticorrupcion\/wp-json\/wp\/v2\/pages"}],"about":[{"href":"https:\/\/coalicionanticorrupcion.com\/jovenesanticorrupcion\/wp-json\/wp\/v2\/types\/page"}],"author":[{"embeddable":true,"href":"https:\/\/coalicionanticorrupcion.com\/jovenesanticorrupcion\/wp-json\/wp\/v2\/users\/1"}],"replies":[{"embeddable":true,"href":"https:\/\/coalicionanticorrupcion.com\/jovenesanticorrupcion\/wp-json\/wp\/v2\/comments?post=14"}],"version-history":[{"count":25,"href":"https:\/\/coalicionanticorrupcion.com\/jovenesanticorrupcion\/wp-json\/wp\/v2\/pages\/14\/revisions"}],"predecessor-version":[{"id":528,"href":"https:\/\/coalicionanticorrupcion.com\/jovenesanticorrupcion\/wp-json\/wp\/v2\/pages\/14\/revisions\/528"}],"wp:attachment":[{"href":"https:\/\/coalicionanticorrupcion.com\/jovenesanticorrupcion\/wp-json\/wp\/v2\/media?parent=14"}],"curies":[{"name":"wp","href":"https:\/\/api.w.org\/{rel}","templated":true}]}}